{"id":23,"date":"2023-07-09T10:52:51","date_gmt":"2023-07-09T13:52:51","guid":{"rendered":"http:\/\/co2legal.aquinoguia.com.br\/?page_id=23"},"modified":"2023-07-29T18:12:26","modified_gmt":"2023-07-29T21:12:26","slug":"home","status":"publish","type":"page","link":"https:\/\/www.mecenasdavida.org.br\/bahia\/","title":{"rendered":"Home"},"content":{"rendered":"<p>[vc_row css_animation=&#8221;&#8221; row_type=&#8221;row&#8221; use_row_as_full_screen_section=&#8221;no&#8221; type=&#8221;full_width&#8221; angled_section=&#8221;no&#8221; text_align=&#8221;left&#8221; background_image_as_pattern=&#8221;without_pattern&#8221; z_index=&#8221;&#8221; css=&#8221;.vc_custom_1689600703080{background-color: #008493 !important;}&#8221;][vc_column]\n\t\t\t<!-- START Home Slider REVOLUTION SLIDER 6.3.9 --><p class=\"rs-p-wp-fix\"><\/p>\n\t\t\t<rs-module-wrap id=\"rev_slider_1_1_wrapper\" data-source=\"gallery\" style=\"background:rgba(0,0,255,0);padding:0;margin:0px auto;margin-top:0;margin-bottom:0;\">\n\t\t\t\t<rs-module id=\"rev_slider_1_1\" style=\"\" data-version=\"6.3.9\">\n\t\t\t\t\t<rs-slides>\n\t\t\t\t\t\t<rs-slide data-key=\"rs-1\" data-title=\"Slide\" data-thumb=\"\/\/mecenas.aquinoguia.com.br\/wp-content\/uploads\/2023\/07\/Slide-01.jpg\" data-link=\"\/\/www.co2legal.org.br\/turismo\/index.php\/turismo-co2-legal\" data-target=\"_self\" data-seoz=\"front\" data-anim=\"ei:d;eo:d;s:d;r:default;t:boxfade;sl:d;\" data-firstanim=\"t:fade;s:300;sl:7;\">\n\t\t\t\t\t\t\t<img fetchpriority=\"high\" decoding=\"async\" src=\"\/\/mecenas.aquinoguia.com.br\/wp-content\/uploads\/2023\/07\/Slide-01.jpg\" title=\"Slide-01\" width=\"1920\" height=\"1080\" data-parallax=\"5\" class=\"rev-slidebg\" data-no-retina>\n<!---->\t\t\t\t\t\t<\/rs-slide>\n\t\t\t\t\t\t<rs-slide data-key=\"rs-4\" data-title=\"Slide\" data-thumb=\"\/\/mecenas.aquinoguia.com.br\/wp-content\/uploads\/2023\/07\/Slide-02.jpg\" data-link=\"\/\/www.co2legal.org.br\/calculadora_co2legal\/index_d.php\" data-target=\"_self\" data-seoz=\"front\" data-anim=\"ei:d;eo:d;s:d;r:default;t:boxfade;sl:d;\">\n\t\t\t\t\t\t\t<img decoding=\"async\" src=\"\/\/mecenas.aquinoguia.com.br\/wp-content\/uploads\/2023\/07\/Slide-02.jpg\" title=\"Slide-02\" width=\"1920\" height=\"1080\" data-bg=\"p:center top;\" data-parallax=\"5\" class=\"rev-slidebg\" data-no-retina>\n<!---->\t\t\t\t\t\t<\/rs-slide>\n\t\t\t\t\t\t<rs-slide data-key=\"rs-5\" data-title=\"Slide\" data-thumb=\"\/\/mecenas.aquinoguia.com.br\/wp-content\/uploads\/2023\/07\/Slide-03.jpg\" data-link=\"\/\/www.mecenasdavida.org.br\/bahia\/seja-mecenas\/\" data-target=\"_self\" data-seoz=\"front\" data-anim=\"ei:d;eo:d;s:d;r:default;t:boxfade;sl:d;\">\n\t\t\t\t\t\t\t<img decoding=\"async\" src=\"\/\/mecenas.aquinoguia.com.br\/wp-content\/uploads\/2023\/07\/Slide-03.jpg\" title=\"Slide-03\" width=\"1920\" height=\"1080\" data-parallax=\"5\" class=\"rev-slidebg\" data-no-retina>\n<!---->\t\t\t\t\t\t<\/rs-slide>\n\t\t\t\t\t\t<rs-slide data-key=\"rs-6\" data-title=\"Slide\" data-thumb=\"\/\/mecenas.aquinoguia.com.br\/wp-content\/uploads\/2023\/07\/Slide-04.jpg\" data-link=\"\/\/www.co2legal.org.br\/calculadora_co2legal\/index_d.php\" data-target=\"_self\" data-seoz=\"front\" data-anim=\"ei:d;eo:d;s:d;r:default;t:boxfade;sl:d;\">\n\t\t\t\t\t\t\t<img loading=\"lazy\" decoding=\"async\" src=\"\/\/mecenas.aquinoguia.com.br\/wp-content\/uploads\/2023\/07\/Slide-04.jpg\" title=\"Slide-04\" width=\"1920\" height=\"1080\" data-parallax=\"5\" class=\"rev-slidebg\" data-no-retina>\n<!---->\t\t\t\t\t\t<\/rs-slide>\n\t\t\t\t\t<\/rs-slides>\n\t\t\t\t<\/rs-module>\n\t\t\t\t<script type=\"text\/javascript\">\n\t\t\t\t\tsetREVStartSize({c: 'rev_slider_1_1',rl:[1240,1024,778,480],el:[1080],gw:[1920],gh:[1080],type:'standard',justify:'',layout:'fullwidth',mh:\"0\"});\n\t\t\t\t\tvar\trevapi1,\n\t\t\t\t\t\ttpj;\n\t\t\t\t\tfunction revinit_revslider11() {\n\t\t\t\t\tjQuery(function() {\n\t\t\t\t\t\ttpj = jQuery;\n\t\t\t\t\t\trevapi1 = tpj(\"#rev_slider_1_1\");\n\t\t\t\t\t\tif(revapi1==undefined || revapi1.revolution == undefined){\n\t\t\t\t\t\t\trevslider_showDoubleJqueryError(\"rev_slider_1_1\");\n\t\t\t\t\t\t}else{\n\t\t\t\t\t\t\trevapi1.revolution({\n\t\t\t\t\t\t\t\tduration:\"3500ms\",\n\t\t\t\t\t\t\t\tvisibilityLevels:\"1240,1024,778,480\",\n\t\t\t\t\t\t\t\tgridwidth:1920,\n\t\t\t\t\t\t\t\tgridheight:1080,\n\t\t\t\t\t\t\t\tautoHeight:true,\n\t\t\t\t\t\t\t\tperspective:600,\n\t\t\t\t\t\t\t\tperspectiveType:\"local\",\n\t\t\t\t\t\t\t\teditorheight:\"1080,768,960,720\",\n\t\t\t\t\t\t\t\tresponsiveLevels:\"1240,1024,778,480\",\n\t\t\t\t\t\t\t\tprogressBar:{disableProgressBar:true},\n\t\t\t\t\t\t\t\tnavigation: {\n\t\t\t\t\t\t\t\t\twheelCallDelay:1000,\n\t\t\t\t\t\t\t\t\tonHoverStop:false,\n\t\t\t\t\t\t\t\t\tarrows: {\n\t\t\t\t\t\t\t\t\t\tenable:true,\n\t\t\t\t\t\t\t\t\t\tstyle:\"bridge-navigation\",\n\t\t\t\t\t\t\t\t\t\thide_onmobile:true,\n\t\t\t\t\t\t\t\t\t\thide_under:\"1025px\",\n\t\t\t\t\t\t\t\t\t\tleft: {\n\t\t\t\t\t\t\t\t\t\t\th_offset:30\n\t\t\t\t\t\t\t\t\t\t},\n\t\t\t\t\t\t\t\t\t\tright: {\n\t\t\t\t\t\t\t\t\t\t\th_offset:30\n\t\t\t\t\t\t\t\t\t\t}\n\t\t\t\t\t\t\t\t\t},\n\t\t\t\t\t\t\t\t\tbullets: {\n\t\t\t\t\t\t\t\t\t\tenable:true,\n\t\t\t\t\t\t\t\t\t\ttmp:\"\",\n\t\t\t\t\t\t\t\t\t\tstyle:\"bridge-navigation\",\n\t\t\t\t\t\t\t\t\t\thide_over:\"1025px\",\n\t\t\t\t\t\t\t\t\t\thide_onleave:true,\n\t\t\t\t\t\t\t\t\t\tspace:10\n\t\t\t\t\t\t\t\t\t}\n\t\t\t\t\t\t\t\t},\n\t\t\t\t\t\t\t\tparallax: {\n\t\t\t\t\t\t\t\t\tlevels:[5,10,15,20,25,30,35,40,45,46,47,48,49,50,51,30],\n\t\t\t\t\t\t\t\t\ttype:\"scroll\",\n\t\t\t\t\t\t\t\t\torigo:\"slideCenter\",\n\t\t\t\t\t\t\t\t\tspeed:0\n\t\t\t\t\t\t\t\t},\n\t\t\t\t\t\t\t\tfallbacks: {\n\t\t\t\t\t\t\t\t\tallowHTML5AutoPlayOnAndroid:true\n\t\t\t\t\t\t\t\t},\n\t\t\t\t\t\t\t});\n\t\t\t\t\t\t}\n\t\t\t\t\t\t\n\t\t\t\t\t});\n\t\t\t\t\t} \/\/ End of RevInitScript\n\t\t\t\tvar once_revslider11 = false;\n\t\t\t\tif (document.readyState === \"loading\") {document.addEventListener('readystatechange',function() { if((document.readyState === \"interactive\" || document.readyState === \"complete\") && !once_revslider11 ) { once_revslider11 = true; revinit_revslider11();}});} else {once_revslider11 = true; revinit_revslider11();}\n\t\t\t\t<\/script>\n\t\t\t\t<script>\n\t\t\t\t\tvar htmlDivCss = unescape(\".bridge-navigation.tparrows%7B%0A%09background-color%3A%20transparent%3B%0A%20%20%20%20width%3A%2066px%3B%0A%7D%0A%0A.bridge-navigation.tparrows%3Abefore%7B%0A%09font-family%3A%20%27Kiko%27%3B%0A%20%20%20%20font-weight%3A%20600%3B%0A%20%09font-size%3A%2060px%3B%0A%20%20%09color%3A%20%23fff%3B%0A%20%20%09-webkit-text-fill-color%3A%20transparent%3B%0A%20%20%09-webkit-text-stroke-width%3A%201px%3B%0A%20%20%09-webkit-text-stroke-color%3A%20%23fff%3B%0A%20%20%09transition%3A%20all%200.3s%20ease%3B%0A%7D%0A%0A.bridge-navigation.tparrows%3Ahover%3Abefore%7B%0A%09color%3A%20%23fff%3B%0A%7D%0A%0A.bridge-navigation.tp-leftarrow%3Abefore%7B%0A%09content%3A%20%27%5Cf093%27%3B%0A%7D%0A%0A.bridge-navigation.tp-rightarrow%3Abefore%7B%0A%09content%3A%20%27%5Cf092%27%3B%0A%7D%0A.bridge-navigation%20.tp-bullet%20%7B%0A%09width%3A%209px%3B%0A%20%20%20%20height%3A%209px%3B%0A%20%20%09border-radius%3A%2050%25%3B%0A%20%20%09background-color%3A%20transparent%3B%0A%20%20%09border%3A%201px%20solid%20%23fff%3B%0A%20%20%09transition%3A%20all%200.3s%20ease%3B%0A%7D%0A%0A.bridge-navigation%20.tp-bullet.selected%2C%20%0A.bridge-navigation%20.tp-bullet%3Ahover%20%7B%0A%09background-color%3A%20%23fff%3B%0A%7D%0A\");\n\t\t\t\t\tvar htmlDiv = document.getElementById('rs-plugin-settings-inline-css');\n\t\t\t\t\tif(htmlDiv) {\n\t\t\t\t\t\thtmlDiv.innerHTML = htmlDiv.innerHTML + htmlDivCss;\n\t\t\t\t\t}else{\n\t\t\t\t\t\tvar htmlDiv = document.createElement('div');\n\t\t\t\t\t\thtmlDiv.innerHTML = '<style>' + htmlDivCss + '<\/style>';\n\t\t\t\t\t\tdocument.getElementsByTagName('head')[0].appendChild(htmlDiv.childNodes[0]);\n\t\t\t\t\t}\n\t\t\t\t<\/script>\n\t\t\t\t<script>\n\t\t\t\t\tvar htmlDivCss = unescape(\"%0A%0A%0A%0A%0A%0A%0A%0A\");\n\t\t\t\t\tvar htmlDiv = document.getElementById('rs-plugin-settings-inline-css');\n\t\t\t\t\tif(htmlDiv) {\n\t\t\t\t\t\thtmlDiv.innerHTML = htmlDiv.innerHTML + htmlDivCss;\n\t\t\t\t\t}else{\n\t\t\t\t\t\tvar htmlDiv = document.createElement('div');\n\t\t\t\t\t\thtmlDiv.innerHTML = '<style>' + htmlDivCss + '<\/style>';\n\t\t\t\t\t\tdocument.getElementsByTagName('head')[0].appendChild(htmlDiv.childNodes[0]);\n\t\t\t\t\t}\n\t\t\t\t<\/script>\n\t\t\t<\/rs-module-wrap>\n\t\t\t<!-- END REVOLUTION SLIDER -->\n[\/vc_column][\/vc_row][vc_row css_animation=&#8221;&#8221; row_type=&#8221;row&#8221; use_row_as_full_screen_section=&#8221;no&#8221; type=&#8221;full_width&#8221; angled_section=&#8221;no&#8221; text_align=&#8221;left&#8221; background_image_as_pattern=&#8221;without_pattern&#8221; css=&#8221;.vc_custom_1690203012624{padding-top: 80px !important;padding-bottom: 80px !important;background-color: #2b3896 !important;background-position: center !important;background-repeat: no-repeat !important;background-size: cover !important;}&#8221; z_index=&#8221;&#8221;][vc_column][vc_row_inner row_type=&#8221;row&#8221; type=&#8221;grid&#8221; text_align=&#8221;left&#8221; css_animation=&#8221;&#8221;][vc_column_inner]<div class=\"custom_font_holder\" style=\" font-size: 40px; line-height: 42px; font-style: normal; font-weight: 400; color: #ffffff; text-decoration: none;border: 0px solid; text-align: center;\">ComproMISS\u00c3O!<\/div>[\/vc_column_inner][\/vc_row_inner][vc_empty_space height=&#8221;30px&#8221;][vc_column_text]<\/p>\n<p style=\"text-align: center;\"><span style=\"color: #ffffff;\">Nutrimos um movimento hol\u00edstico em prol da vida que, atrav\u00e9s de projetos e a\u00e7\u00f5es, busca transformar e elevar a consci\u00eancia de tod@s!<\/span><\/p>\n<p>[\/vc_column_text][vc_empty_space height=&#8221;80px&#8221;][vc_row_inner row_type=&#8221;row&#8221; type=&#8221;grid&#8221; text_align=&#8221;left&#8221; css_animation=&#8221;&#8221;][vc_column_inner width=&#8221;1\/4&#8243;]<span data-type=\"normal\"  class=\"qode_icon_shortcode  q_font_awsome_icon fa-3x pull-center \" style=\"margin: 30; \"><i class=\"qode_icon_font_awesome fa fa-globe qode_icon_element\" style=\"font-size: 30px;\" ><\/i><\/span>[vc_empty_space][vc_column_text]<\/p>\n<h3 class=\"sppb-addon-title sppb-feature-box-title\" style=\"text-align: center;\"><span style=\"color: #ffffff;\">Dizemos sim ao planeta!<\/span><\/h3>\n<p>[\/vc_column_text][vc_empty_space][\/vc_column_inner][vc_column_inner width=&#8221;1\/4&#8243;]<span data-type=\"normal\"  class=\"qode_icon_shortcode  q_font_awsome_icon fa-3x pull-center \" style=\"margin: 30; \"><i class=\"qode_icon_font_awesome_5 fa5 fa fa-peace qode_icon_element\" style=\"font-size: 30px;\" ><\/i><\/span>[vc_empty_space][vc_column_text]<\/p>\n<h3 class=\"sppb-addon-title sppb-feature-box-title\" style=\"text-align: center;\"><span style=\"color: #ffffff;\">Dizemos sim \u00e0 paz!<\/span><\/h3>\n<p>[\/vc_column_text][vc_empty_space][\/vc_column_inner][vc_column_inner width=&#8221;1\/4&#8243;]<span data-type=\"normal\"  class=\"qode_icon_shortcode  q_font_awsome_icon fa-3x pull-center \" style=\"margin: 30; \"><i class=\"qode_icon_font_awesome_5 fa5 fa fa-hand-holding-heart qode_icon_element\" style=\"font-size: 30px;\" ><\/i><\/span>[vc_empty_space][vc_column_text]<\/p>\n<h3 class=\"sppb-addon-title sppb-feature-box-title\" style=\"text-align: center;\"><span style=\"color: #ffffff;\">Dizemos sim \u00e0 diversidade!<\/span><\/h3>\n<p>[\/vc_column_text][vc_empty_space][\/vc_column_inner][vc_column_inner width=&#8221;1\/4&#8243;]<span data-type=\"normal\"  class=\"qode_icon_shortcode  q_font_awsome_icon fa-3x pull-center \" style=\"margin: 30; \"><i class=\"qode_icon_font_awesome_5 fa5 fa fa-recycle qode_icon_element\" style=\"font-size: 30px;\" ><\/i><\/span>[vc_empty_space][vc_column_text]<\/p>\n<h3 class=\"sppb-addon-title sppb-feature-box-title\" style=\"text-align: center;\"><span style=\"color: #ffffff;\">Dizemos sim \u00e0 sustentabilidade!<\/span><\/h3>\n<p>[\/vc_column_text][vc_empty_space][\/vc_column_inner][\/vc_row_inner][vc_row_inner row_type=&#8221;row&#8221; type=&#8221;grid&#8221; text_align=&#8221;left&#8221; css_animation=&#8221;&#8221;][vc_column_inner width=&#8221;1\/4&#8243;]<span data-type=\"normal\"  class=\"qode_icon_shortcode  q_font_awsome_icon fa-3x pull-center \" style=\"margin: 30; \"><i class=\"qode_icon_font_awesome_5 fa5 fa fa-hands-helping qode_icon_element\" style=\"font-size: 30px;\" ><\/i><\/span>[vc_empty_space][vc_column_text]<\/p>\n<h3 class=\"sppb-addon-title sppb-feature-box-title\" style=\"text-align: center;\"><span style=\"color: #ffffff;\">Dizemos sim \u00e0 solidariedade!<\/span><\/h3>\n<p>[\/vc_column_text][vc_empty_space][\/vc_column_inner][vc_column_inner width=&#8221;1\/4&#8243;]<span data-type=\"normal\"  class=\"qode_icon_shortcode  q_font_awsome_icon fa-3x pull-center \" style=\"margin: 30; \"><i class=\"qode_icon_font_awesome_5 fa5 fa fa-check-double qode_icon_element\" style=\"font-size: 30px;\" ><\/i><\/span>[vc_empty_space][vc_column_text]<\/p>\n<h3 style=\"text-align: center;\"><span style=\"color: #ffffff;\">Dizemos sim \u00e0 simplicidade!<\/span><\/h3>\n<p>[\/vc_column_text][vc_empty_space][\/vc_column_inner][vc_column_inner width=&#8221;1\/4&#8243;]<span data-type=\"normal\"  class=\"qode_icon_shortcode  q_font_awsome_icon fa-3x pull-center \" style=\"margin: 30; \"><i class=\"qode_icon_font_awesome_5 fa5 fa fa-grin-stars qode_icon_element\" style=\"font-size: 30px;\" ><\/i><\/span>[vc_empty_space][vc_column_text]<\/p>\n<h3 class=\"sppb-addon-title sppb-feature-box-title\" style=\"text-align: center;\"><span style=\"color: #ffffff;\">Dizemos sim \u00e0 alegria!<\/span><\/h3>\n<p>[\/vc_column_text][vc_empty_space][\/vc_column_inner][vc_column_inner width=&#8221;1\/4&#8243;]<span data-type=\"normal\"  class=\"qode_icon_shortcode  q_font_awsome_icon fa-3x pull-center \" style=\"margin: 30; \"><i class=\"qode_icon_font_awesome_5 fa5 fa fa-praying-hands qode_icon_element\" style=\"font-size: 30px;\" ><\/i><\/span>[vc_empty_space][vc_column_text]<\/p>\n<h3 class=\"sppb-addon-title sppb-feature-box-title\" style=\"text-align: center;\"><span style=\"color: #ffffff;\">Dizemos sim \u00e0 busca espiritual!<\/span><\/h3>\n<p>[\/vc_column_text][vc_empty_space][\/vc_column_inner][\/vc_row_inner][vc_empty_space height=&#8221;30px&#8221;][\/vc_column][\/vc_row][vc_row css_animation=&#8221;&#8221; row_type=&#8221;row&#8221; use_row_as_full_screen_section=&#8221;no&#8221; type=&#8221;full_width&#8221; angled_section=&#8221;no&#8221; text_align=&#8221;left&#8221; background_image_as_pattern=&#8221;without_pattern&#8221; css=&#8221;.vc_custom_1690203059423{background-color: #8daf02 !important;}&#8221; z_index=&#8221;&#8221;][vc_column][vc_row_inner row_type=&#8221;row&#8221; type=&#8221;grid&#8221; text_align=&#8221;left&#8221; css_animation=&#8221;&#8221;][vc_column_inner][vc_empty_space height=&#8221;50px&#8221;][vc_column_text]<\/p>\n<h1 class=\"sppb-addon-title\" style=\"text-align: center;\"><span style=\"color: #ffffff;\">O que n\u00f3s fazemos?<\/span><\/h1>\n<p>[\/vc_column_text][vc_empty_space height=&#8221;50px&#8221;][vc_column_text]<\/p>\n<div id=\"sppb-addon-wrapper-1657720633064\" class=\"sppb-addon-wrapper\">\n<div id=\"sppb-addon-1657720633064\" class=\"clearfix \">\n<div class=\"sppb-addon sppb-addon-header sppb-text-center\">\n<p class=\"sppb-addon-title\" style=\"text-align: center;\"><span style=\"font-size: 16px; color: #ffffff;\">Engajamos pessoas, empresas, institui\u00e7\u00f5es e comunidades tradicionais para atuarem como protagonistas em prol do clima, da prote\u00e7\u00e3o e regenera\u00e7\u00e3o dos ecosistemas, da agricultura regenerativa, da inclus\u00e3o socioecon\u00f4mica e resili\u00eancia de grupos sociais que vivem em situa\u00e7\u00e3o de vulnerabilidade.<\/span><\/p>\n<\/div>\n<\/div>\n<\/div>\n<p>[\/vc_column_text][vc_empty_space height=&#8221;50px&#8221;][\/vc_column_inner][\/vc_row_inner][\/vc_column][\/vc_row][vc_row css_animation=&#8221;&#8221; row_type=&#8221;row&#8221; use_row_as_full_screen_section=&#8221;no&#8221; type=&#8221;full_width&#8221; angled_section=&#8221;no&#8221; text_align=&#8221;left&#8221; background_image_as_pattern=&#8221;without_pattern&#8221; css=&#8221;.vc_custom_1690203091982{background-color: #828282 !important;}&#8221; z_index=&#8221;&#8221;][vc_column][vc_row_inner row_type=&#8221;row&#8221; type=&#8221;grid&#8221; text_align=&#8221;left&#8221; css_animation=&#8221;&#8221; css=&#8221;.vc_custom_1690204076018{padding-top: 100px !important;padding-bottom: 100px !important;}&#8221;][vc_column_inner width=&#8221;1\/3&#8243;][vc_column_text]<\/p>\n<h1 class=\"sppb-addon-title\" style=\"text-align: center;\"><span style=\"color: #ffffff;\">Vamos fazer juntos?<\/span><\/h1>\n<p>[\/vc_column_text][\/vc_column_inner][vc_column_inner width=&#8221;1\/3&#8243;][vc_column_text]<\/p>\n<h3 style=\"text-align: center;\"><span style=\"color: #ffffff;\">Compense suas viagens!<\/span><\/h3>\n<h6 style=\"text-align: center;\"><span style=\"color: #ffffff;\">Calculadora Turismo CO2 Legal<\/span><\/h6>\n<p>[\/vc_column_text][vc_empty_space][vc_single_image image=&#8221;361&#8243; img_size=&#8221;full&#8221; alignment=&#8221;center&#8221; onclick=&#8221;custom_link&#8221; img_link_target=&#8221;_blank&#8221; qode_css_animation=&#8221;&#8221; link=&#8221;https:\/\/www.co2legal.org.br\/calculadora_co2legal\/index_d.php&#8221;][vc_empty_space][vc_single_image image=&#8221;360&#8243; img_size=&#8221;full&#8221; alignment=&#8221;center&#8221; onclick=&#8221;custom_link&#8221; qode_css_animation=&#8221;&#8221; link=&#8221;https:\/\/play.google.com\/store\/apps\/details?id=br.org.mecenasdavida.calculadoraturismoco2legal&#8221;][\/vc_column_inner][vc_column_inner width=&#8221;1\/3&#8243;][vc_column_text]<\/p>\n<h3 style=\"text-align: center;\"><span style=\"color: #ffffff;\">Compense suas emiss\u00f5es!<\/span><\/h3>\n<p>[\/vc_column_text][vc_empty_space]\n\n\t<a href=\"https:\/\/www.mecenasdavida.org.br\/calculator\/form_calculo.php\" target=\"_blank\" style=\"color: #ffffff;background-color: #8daf02;font-size: 12px;font-weight: 400;text-transform: none;font-style: normal;margin: 30px auto\" class=\"qode-btn qode-btn-medium qode-btn-solid qode-btn-custom-hover-bg qode-btn-custom-hover-color qode-btn-default-hover\" data-hover-bg-color=\"#4b8401\" data-hover-color=\"#ffffff\" >\n\t    <span class=\"qode-btn-text\">Calcule as pegadas d seu dia-a-dia!<\/span>\t<\/a>\n\n[\/vc_column_inner][\/vc_row_inner][\/vc_column][\/vc_row][vc_row css_animation=&#8221;&#8221; row_type=&#8221;row&#8221; use_row_as_full_screen_section=&#8221;no&#8221; type=&#8221;full_width&#8221; angled_section=&#8221;no&#8221; text_align=&#8221;left&#8221; background_image_as_pattern=&#8221;without_pattern&#8221; css=&#8221;.vc_custom_1690203102749{background-color: #8daf02 !important;}&#8221; z_index=&#8221;&#8221;][vc_column][vc_row_inner row_type=&#8221;row&#8221; type=&#8221;grid&#8221; text_align=&#8221;left&#8221; css_animation=&#8221;&#8221; css=&#8221;.vc_custom_1690210353072{padding-top: 100px !important;padding-bottom: 30px !important;}&#8221;][vc_column_inner][vc_column_text]<\/p>\n<h1 style=\"text-align: center;\"><span style=\"color: #ffffff;\">Entre na Rede Colaborativa<\/span><\/h1>\n<h2 style=\"text-align: center;\"><span style=\"color: #ffffff;\">7 maneiras, escolha a sua!<\/span><\/h2>\n<p>[\/vc_column_text][\/vc_column_inner][\/vc_row_inner][vc_row_inner row_type=&#8221;row&#8221; type=&#8221;grid&#8221; text_align=&#8221;left&#8221; css_animation=&#8221;&#8221;][vc_column_inner width=&#8221;1\/5&#8243;][\/vc_column_inner][vc_column_inner width=&#8221;1\/5&#8243;][\/vc_column_inner][vc_column_inner width=&#8221;1\/5&#8243;]<a  itemprop=\"url\" href=\"https:\/\/www.mecenasdavida.org.br\/bahia\/seja-mecenas\" target=\"_self\" data-hover-background-color='#8c1e1e' data-hover-color='#ffffff' class=\"qbutton  large center default\" style=\"color: #ffffff; font-style: normal; font-weight: 400; font-size: 14px; margin: 30px auto; border-radius: 4px;-moz-border-radius: 4px;-webkit-border-radius: 4px; background-color: #dd3333;\">Seja um mecenas!<\/a>[\/vc_column_inner][vc_column_inner width=&#8221;1\/5&#8243;][\/vc_column_inner][vc_column_inner width=&#8221;1\/5&#8243;][\/vc_column_inner][\/vc_row_inner][\/vc_column][\/vc_row]<\/p>\n","protected":false},"excerpt":{"rendered":"<p>[vc_row css_animation=&#8221;&#8221; row_type=&#8221;row&#8221; use_row_as_full_screen_section=&#8221;no&#8221; type=&#8221;full_width&#8221; angled_section=&#8221;no&#8221; text_align=&#8221;left&#8221; background_image_as_pattern=&#8221;without_pattern&#8221; z_index=&#8221;&#8221; css=&#8221;.vc_custom_1689600703080{background-color: #008493 !important;}&#8221;][vc_column][\/vc_column][\/vc_row][vc_row css_animation=&#8221;&#8221; row_type=&#8221;row&#8221; use_row_as_full_screen_section=&#8221;no&#8221; type=&#8221;full_width&#8221; angled_section=&#8221;no&#8221; text_align=&#8221;left&#8221; background_image_as_pattern=&#8221;without_pattern&#8221; css=&#8221;.vc_custom_1690203012624{padding-top: 80px !important;padding-bottom: 80px !important;background-color: #2b3896 !important;background-position: center !important;background-repeat: no-repeat !important;background-size: cover !important;}&#8221; z_index=&#8221;&#8221;][vc_column][vc_row_inner row_type=&#8221;row&#8221; type=&#8221;grid&#8221; text_align=&#8221;left&#8221; css_animation=&#8221;&#8221;][vc_column_inner][\/vc_column_inner][\/vc_row_inner][vc_empty_space height=&#8221;30px&#8221;][vc_column_text] Nutrimos um movimento hol\u00edstico em prol da&#8230;<\/p>\n","protected":false},"author":1,"featured_media":0,"parent":0,"menu_order":0,"comment_status":"closed","ping_status":"closed","template":"full_width.php","meta":{"footnotes":""},"class_list":["post-23","page","type-page","status-publish","hentry"],"_links":{"self":[{"href":"https:\/\/www.mecenasdavida.org.br\/bahia\/wp-json\/wp\/v2\/pages\/23","targetHints":{"allow":["GET"]}}],"collection":[{"href":"https:\/\/www.mecenasdavida.org.br\/bahia\/wp-json\/wp\/v2\/pages"}],"about":[{"href":"https:\/\/www.mecenasdavida.org.br\/bahia\/wp-json\/wp\/v2\/types\/page"}],"author":[{"embeddable":true,"href":"https:\/\/www.mecenasdavida.org.br\/bahia\/wp-json\/wp\/v2\/users\/1"}],"replies":[{"embeddable":true,"href":"https:\/\/www.mecenasdavida.org.br\/bahia\/wp-json\/wp\/v2\/comments?post=23"}],"version-history":[{"count":0,"href":"https:\/\/www.mecenasdavida.org.br\/bahia\/wp-json\/wp\/v2\/pages\/23\/revisions"}],"wp:attachment":[{"href":"https:\/\/www.mecenasdavida.org.br\/bahia\/wp-json\/wp\/v2\/media?parent=23"}],"curies":[{"name":"wp","href":"https:\/\/api.w.org\/{rel}","templated":true}]}}