{"id":332,"date":"2023-07-24T08:55:52","date_gmt":"2023-07-24T11:55:52","guid":{"rendered":"https:\/\/mecenas.aquinoguia.com.br\/?page_id=332"},"modified":"2024-07-10T14:32:12","modified_gmt":"2024-07-10T17:32:12","slug":"seja-mecenas","status":"publish","type":"page","link":"https:\/\/www.mecenasdavida.org.br\/bahia\/seja-mecenas\/","title":{"rendered":"Seja um Mecenas"},"content":{"rendered":"<p>[vc_row css_animation=&#8221;&#8221; row_type=&#8221;row&#8221; use_row_as_full_screen_section=&#8221;no&#8221; type=&#8221;full_width&#8221; angled_section=&#8221;no&#8221; text_align=&#8221;left&#8221; background_image_as_pattern=&#8221;without_pattern&#8221;][vc_column]\n\t\t\t<!-- START Seja um Mecenas REVOLUTION SLIDER 6.3.9 --><p class=\"rs-p-wp-fix\"><\/p>\n\t\t\t<rs-module-wrap id=\"rev_slider_10_1_wrapper\" data-source=\"gallery\" style=\"background:transparent;padding:0;margin:0px auto;margin-top:0;margin-bottom:0;\">\n\t\t\t\t<rs-module id=\"rev_slider_10_1\" style=\"\" data-version=\"6.3.9\">\n\t\t\t\t\t<rs-slides>\n\t\t\t\t\t\t<rs-slide data-key=\"rs-31\" data-title=\"Slide\" data-anim=\"ei:d;eo:d;s:1000;r:0;t:fade;sl:0;\">\n\t\t\t\t\t\t\t<img fetchpriority=\"high\" decoding=\"async\" src=\"\/\/mecenas.aquinoguia.com.br\/wp-content\/uploads\/2023\/07\/seja-um-mecenas.jpg\" title=\"seja-um-mecenas\" width=\"1926\" height=\"856\" data-bg=\"p:center top;\" class=\"rev-slidebg\" data-no-retina>\n<!--\n\t\t\t\t\t\t\t--><rs-layer\n\t\t\t\t\t\t\t\tid=\"slider-10-slide-31-layer-1\" \n\t\t\t\t\t\t\t\tdata-type=\"text\"\n\t\t\t\t\t\t\t\tdata-color=\"#fff\"\n\t\t\t\t\t\t\t\tdata-tsh=\"c:rgba(0,0,0,0.75);h:7px;v:7px;b:10px;\"\n\t\t\t\t\t\t\t\tdata-rsp_ch=\"on\"\n\t\t\t\t\t\t\t\tdata-xy=\"x:c;y:c;yo:60px;\"\n\t\t\t\t\t\t\t\tdata-text=\"w:normal;s:60;l:60;fw:600;a:center;\"\n\t\t\t\t\t\t\t\tdata-dim=\"minh:0px;\"\n\t\t\t\t\t\t\t\tdata-frame_999=\"o:0;st:w;\"\n\t\t\t\t\t\t\t\tstyle=\"z-index:6;font-family:Arial;\"\n\t\t\t\t\t\t\t>Seja um Mecenas \n\t\t\t\t\t\t\t<\/rs-layer><!--\n-->\t\t\t\t\t\t<\/rs-slide>\n\t\t\t\t\t<\/rs-slides>\n\t\t\t\t<\/rs-module>\n\t\t\t\t<script type=\"text\/javascript\">\n\t\t\t\t\tsetREVStartSize({c: 'rev_slider_10_1',rl:[1240,1024,778,480],el:[600],gw:[1920],gh:[600],type:'standard',justify:'',layout:'fullwidth',mh:\"0\"});\n\t\t\t\t\tvar\trevapi10,\n\t\t\t\t\t\ttpj;\n\t\t\t\t\tfunction revinit_revslider101() {\n\t\t\t\t\tjQuery(function() {\n\t\t\t\t\t\ttpj = jQuery;\n\t\t\t\t\t\trevapi10 = tpj(\"#rev_slider_10_1\");\n\t\t\t\t\t\tif(revapi10==undefined || revapi10.revolution == undefined){\n\t\t\t\t\t\t\trevslider_showDoubleJqueryError(\"rev_slider_10_1\");\n\t\t\t\t\t\t}else{\n\t\t\t\t\t\t\trevapi10.revolution({\n\t\t\t\t\t\t\t\tvisibilityLevels:\"1240,1024,778,480\",\n\t\t\t\t\t\t\t\tgridwidth:1920,\n\t\t\t\t\t\t\t\tgridheight:600,\n\t\t\t\t\t\t\t\tautoHeight:true,\n\t\t\t\t\t\t\t\tperspective:600,\n\t\t\t\t\t\t\t\tperspectiveType:\"global\",\n\t\t\t\t\t\t\t\teditorheight:\"600,768,960,720\",\n\t\t\t\t\t\t\t\tresponsiveLevels:\"1240,1024,778,480\",\n\t\t\t\t\t\t\t\tprogressBar:{disableProgressBar:true},\n\t\t\t\t\t\t\t\tnavigation: {\n\t\t\t\t\t\t\t\t\tonHoverStop:false\n\t\t\t\t\t\t\t\t},\n\t\t\t\t\t\t\t\tfallbacks: {\n\t\t\t\t\t\t\t\t\tallowHTML5AutoPlayOnAndroid:true\n\t\t\t\t\t\t\t\t},\n\t\t\t\t\t\t\t});\n\t\t\t\t\t\t}\n\t\t\t\t\t\t\n\t\t\t\t\t});\n\t\t\t\t\t} \/\/ End of RevInitScript\n\t\t\t\tvar once_revslider101 = false;\n\t\t\t\tif (document.readyState === \"loading\") {document.addEventListener('readystatechange',function() { if((document.readyState === \"interactive\" || document.readyState === \"complete\") && !once_revslider101 ) { once_revslider101 = true; revinit_revslider101();}});} else {once_revslider101 = true; revinit_revslider101();}\n\t\t\t\t<\/script>\n\t\t\t<\/rs-module-wrap>\n\t\t\t<!-- END REVOLUTION SLIDER -->\n[\/vc_column][\/vc_row][vc_row css_animation=&#8221;&#8221; row_type=&#8221;row&#8221; use_row_as_full_screen_section=&#8221;no&#8221; type=&#8221;grid&#8221; angled_section=&#8221;no&#8221; text_align=&#8221;left&#8221; background_image_as_pattern=&#8221;without_pattern&#8221; z_index=&#8221;&#8221;][vc_column][vc_empty_space][vc_row_inner row_type=&#8221;row&#8221; type=&#8221;full_width&#8221; text_align=&#8221;left&#8221; css_animation=&#8221;&#8221;][vc_column_inner][vc_column_text]<\/p>\n<h1>Sete maneiras. Escolha a sua!<\/h1>\n<h2><\/h2>\n<h2>1. Fortale\u00e7a!<\/h2>\n<p>Co-participe fortalecendo as nossas a\u00e7\u00f5es de regenera\u00e7\u00e3o e conserva\u00e7\u00e3o de florestas e da biodiversidade, e de melhoria da qualidade de vida das comunidades tradicionais. Qualquer valor importa!\u00a0<strong>PIX 09.111.450\/0001-26<\/strong><\/p>\n<p>Contribua via\u00a0<strong>PayPal <a  itemprop=\"url\" href=\"https:\/\/www.paypal.com\/donate\/?hosted_button_id=MHZH49NCQ8M62\" target=\"_blank\" data-hover-background-color='#004505' data-hover-color='#ffffff' class=\"qbutton  center default\" style=\"color: #ffffff; font-style: normal; font-weight: 600; margin: 15px; background-color: #007d17;\">DOAR<\/a><\/strong><\/p>\n<h2><\/h2>\n<h2>2. Venha para a nossa Rede Colaborativa.<\/h2>\n<p>Contribua para manter o nosso \u201cAbrigo da Sustentabilidade\u201d, o espa\u00e7o da nossa sede onde hospedamos estagi\u00e1rios, volunt\u00e1rios, agricultores, pesquisadores e t\u00e9cnicos que vem conhecer a regi\u00e3o, colaborar com a nossa miss\u00e3o e intercambiar saberes conosco e com a comunidade local. Um espa\u00e7o para acolher bons prop\u00f3sitos, trocar conhecimentos e experi\u00eancias, descobrir talentos e fazer crescer! PIX 09.111.450\/0001-26<\/p>\n<h2><\/h2>\n<h2>3. Apoie um \u201cTrabalhador do Planeta\u201d.<\/h2>\n<p>Desde o in\u00edcio das nossas atividades institucionais, a maior parte de colaboradores da equipe, por meio da doa\u00e7\u00e3o pessoal, vem atuando na zona rural e urbana. N\u00e3o obstante, o volume das atividades e das a\u00e7\u00f5es cresceu e para atend\u00ea-las \u00e9 necess\u00e1rio, cada vez mais, dedica\u00e7\u00e3o em tempo integral. Esses \u201cTrabalhadores do Planeta\u201d precisam de apoio para continuar a nutrir as suas causas. Fale com a gente e saiba como apoiar esse trabalho\u00a0<span id=\"cloakb34affaf53f9942d3a25cf9630aaf2da\"><\/span><a href=\"mailto:contato@mecenasdavida.org.br\">contato@mecenasdavida.org.br<\/a>.<\/p>\n<h2><\/h2>\n<h2>4. Compense as emiss\u00f5es de CO2 do seu dia-a-dia.<\/h2>\n<p>Tod@s n\u00f3s, em nossas atividades cotidianas, emitimos Gases de Efeito Estufa de v\u00e1rias maneiras: ao utilizar energia el\u00e9trica, g\u00e1s de cozinha e combust\u00edvel para o carro; viajando; gerando lixo, etc. Podemos compensar nossas emiss\u00f5es conservando florestas em p\u00e9! Experimente uma simula\u00e7\u00e3o na nossa\u00a0<a title=\"Calculadora Viver CO2 Legal\" href=\"http:\/\/www.mecenasdavida.org.br\/calculator\/form_calculo.php\" target=\"_blank\" rel=\"noopener\">calculadora<\/a>\u00a0para conhecer o seu n\u00edvel de emiss\u00e3o e junte-se \u00e0 rede dos Guardi\u00f5es do Clima!<\/p>\n<h2>5. Compense as emiss\u00f5es de CO2 da sua viagem de f\u00e9rias ou neg\u00f3cios.<\/h2>\n<p>Fa\u00e7a viagens transformadoras!\u00a0<a title=\"Calculador Turismo CO2 Legal\" href=\"https:\/\/www.co2legal.org.br\/calculadora_co2legal\/index_d.php\" target=\"_blank\" rel=\"noopener\">Calcule a emiss\u00e3o da sua viagem<\/a>\u00a0e assim, junto com a gente, voc\u00ea regenera e conserva florestas, recursos naturais, biodiversidade; promove a inclus\u00e3o socioecon\u00f4mica de comunidades tradicionais e estimula a produ\u00e7\u00e3o org\u00e2nica e agroecol\u00f3gica.<\/p>\n<h2><\/h2>\n<h2>6. Compense as emiss\u00f5es de CO2 da sua empresa.<\/h2>\n<p>Conhe\u00e7a a nossa proposta ESG territorial. Adote pr\u00e1ticas socioambientais reais! Que v\u00e3o al\u00e9m da compensa\u00e7\u00e3o das emiss\u00f5es do seu neg\u00f3cio, impactando, verdadeiramente, o desenvolvimento socioecon\u00f4mico de comunidades tradicionais. Entre em contato conosco e saiba mais <span id=\"cloak0fbb4604402af2d8bb3550621f0773de\"><a href=\"mailto:contato@mecenasdavida.org.br\">contato@mecenasdavida.org.br<\/a><\/span><\/p>\n<h2><\/h2>\n<h2>7. Apoie uma fam\u00edlia de agricultores tradicionais.<\/h2>\n<p>Com a doa\u00e7\u00e3o mensal de R$400,00 voc\u00ea, ou a sua empresa, transformam realidades e regeneram e conservam florestas em p\u00e9! Com este benef\u00edcio mensal, fam\u00edlias que vivem em situa\u00e7\u00e3o de vulnerabilidade social e que, atrav\u00e9s da cultura de subsist\u00eancia, desmatam \u00e1reas de florestas das suas propriedades, s\u00e3o transformadas em protagonistas da conserva\u00e7\u00e3o ambiental, assumindo o papel de <em><strong>\u201cguardi\u00f5es do clima\u201d<\/strong><\/em>. Para receber este benef\u00edcio, assumem os seguintes compromissos socioambientais:<\/p>\n<ul class=\"star\">\n<li>Conservar os remanescentes florestais das suas propriedades;<\/li>\n<li>Reflorestar suas \u00e1reas desmatadas;<\/li>\n<li>Adotar pr\u00e1ticas agr\u00edcolas conservacionistas;<\/li>\n<li>N\u00e3o poder\u00e3o ca\u00e7ar, nem utilizar fogo para limpeza das ro\u00e7as;<\/li>\n<li>Matricular seus filhos na escola, e preserv\u00e1-los do trabalho pesado da ro\u00e7a;<\/li>\n<li>Participar das capacita\u00e7\u00f5es oferecidas, semanalmente, pela equipe de campo do Mecenas da Vida.<\/li>\n<\/ul>\n<p>Fale conosco:\u00a0<span id=\"cloak1316447d7a3a4068004be4659573b62c\"><a href=\"mailto:contato@mecenasdavida.org.br\" target=\"_blank\" rel=\"noopener\">contato@mecenasdavida.org.br<\/a><\/span>[\/vc_column_text][\/vc_column_inner][\/vc_row_inner][\/vc_column][\/vc_row]<\/p>\n","protected":false},"excerpt":{"rendered":"<p>[vc_row css_animation=&#8221;&#8221; row_type=&#8221;row&#8221; use_row_as_full_screen_section=&#8221;no&#8221; type=&#8221;full_width&#8221; angled_section=&#8221;no&#8221; text_align=&#8221;left&#8221; background_image_as_pattern=&#8221;without_pattern&#8221;][vc_column][\/vc_column][\/vc_row][vc_row css_animation=&#8221;&#8221; row_type=&#8221;row&#8221; use_row_as_full_screen_section=&#8221;no&#8221; type=&#8221;grid&#8221; angled_section=&#8221;no&#8221; text_align=&#8221;left&#8221; background_image_as_pattern=&#8221;without_pattern&#8221; z_index=&#8221;&#8221;][vc_column][vc_empty_space][vc_row_inner row_type=&#8221;row&#8221; type=&#8221;full_width&#8221; text_align=&#8221;left&#8221; css_animation=&#8221;&#8221;][vc_column_inner][vc_column_text] Sete maneiras. Escolha a sua! 1. Fortale\u00e7a! Co-participe fortalecendo as nossas a\u00e7\u00f5es de regenera\u00e7\u00e3o e conserva\u00e7\u00e3o de florestas e da biodiversidade, e de melhoria da&#8230;<\/p>\n","protected":false},"author":1,"featured_media":0,"parent":0,"menu_order":7,"comment_status":"closed","ping_status":"closed","template":"full_width.php","meta":{"footnotes":""},"class_list":["post-332","page","type-page","status-publish","hentry"],"_links":{"self":[{"href":"https:\/\/www.mecenasdavida.org.br\/bahia\/wp-json\/wp\/v2\/pages\/332","targetHints":{"allow":["GET"]}}],"collection":[{"href":"https:\/\/www.mecenasdavida.org.br\/bahia\/wp-json\/wp\/v2\/pages"}],"about":[{"href":"https:\/\/www.mecenasdavida.org.br\/bahia\/wp-json\/wp\/v2\/types\/page"}],"author":[{"embeddable":true,"href":"https:\/\/www.mecenasdavida.org.br\/bahia\/wp-json\/wp\/v2\/users\/1"}],"replies":[{"embeddable":true,"href":"https:\/\/www.mecenasdavida.org.br\/bahia\/wp-json\/wp\/v2\/comments?post=332"}],"version-history":[{"count":2,"href":"https:\/\/www.mecenasdavida.org.br\/bahia\/wp-json\/wp\/v2\/pages\/332\/revisions"}],"predecessor-version":[{"id":621,"href":"https:\/\/www.mecenasdavida.org.br\/bahia\/wp-json\/wp\/v2\/pages\/332\/revisions\/621"}],"wp:attachment":[{"href":"https:\/\/www.mecenasdavida.org.br\/bahia\/wp-json\/wp\/v2\/media?parent=332"}],"curies":[{"name":"wp","href":"https:\/\/api.w.org\/{rel}","templated":true}]}}